{"id":4164,"date":"2024-10-10T14:24:45","date_gmt":"2024-10-10T12:24:45","guid":{"rendered":"https:\/\/histoire.musees-valais-dev.ch\/angebote-fuer-alle-besuchenden\/"},"modified":"2025-03-14T16:09:20","modified_gmt":"2025-03-14T15:09:20","slug":"angebote-fuer-alle-besuchenden","status":"publish","type":"page","link":"https:\/\/histoire.musees-valais-dev.ch\/de\/angebote-fuer-alle-besuchenden\/","title":{"rendered":"Angebote f\u00fcr alle Besuchenden"},"content":{"rendered":"<p>[et_pb_section fb_built=&#8220;1&#8243; _builder_version=&#8220;4.27.2&#8243; _module_preset=&#8220;default&#8220; background_enable_color=&#8220;off&#8220; global_colors_info=&#8220;{}&#8220;][et_pb_row _builder_version=&#8220;4.27.0&#8243; _module_preset=&#8220;default&#8220; global_colors_info=&#8220;{}&#8220;][et_pb_column type=&#8220;4_4&#8243; _builder_version=&#8220;4.27.0&#8243; _module_preset=&#8220;default&#8220; global_colors_info=&#8220;{}&#8220;][et_pb_text _builder_version=&#8220;4.27.4&#8243; _module_preset=&#8220;default&#8220; header_text_color=&#8220;#000000&#8243; global_colors_info=&#8220;{}&#8220;]<\/p>\n<h1>Besuche f\u00fcr alle<\/h1>\n<p>[\/et_pb_text][\/et_pb_column][\/et_pb_row][\/et_pb_section][et_pb_section fb_built=&#8220;1&#8243; _builder_version=&#8220;4.27.4&#8243; _module_preset=&#8220;default&#8220; global_colors_info=&#8220;{}&#8220;][et_pb_row column_structure=&#8220;1_3,1_3,1_3&#8243; _builder_version=&#8220;4.27.4&#8243; _module_preset=&#8220;default&#8220; global_colors_info=&#8220;{}&#8220;][et_pb_column type=&#8220;1_3&#8243; _builder_version=&#8220;4.27.4&#8243; _module_preset=&#8220;default&#8220; global_colors_info=&#8220;{}&#8220;][et_pb_de_mach_filter_posts search_button_text=&#8220;Suchen&#8220; button_sidebyside=&#8220;on&#8220; reset_text=&#8220;Alle Besuche&#8220; show_reset_on_update=&#8220;on&#8220; _builder_version=&#8220;4.27.4&#8243; _module_preset=&#8220;default&#8220; custom_search_button=&#8220;on&#8220; search_button_text_color=&#8220;#000000&#8243; search_button_bg_color=&#8220;#FFFFFF&#8220; search_button_border_width=&#8220;1px&#8220; search_button_border_radius=&#8220;50px&#8220; search_button_use_icon=&#8220;off&#8220; custom_reset_filter=&#8220;on&#8220; reset_filter_text_color=&#8220;#FF8928&#8243; reset_filter_bg_color=&#8220;#FFFFFF&#8220; reset_filter_border_width=&#8220;1px&#8220; reset_filter_border_radius=&#8220;50px&#8220; reset_filter_use_icon=&#8220;off&#8220; global_colors_info=&#8220;{}&#8220; search_button_text_color__hover_enabled=&#8220;on|hover&#8220; search_button_text_color__hover=&#8220;#000000&#8243; search_button_bg_color__hover_enabled=&#8220;on|hover&#8220; reset_filter_text_color__hover_enabled=&#8220;on|hover&#8220; reset_filter_text_color__hover=&#8220;#FF8928&#8243; reset_filter_bg_color__hover_enabled=&#8220;on|desktop&#8220; reset_filter_bg_color__hover=&#8220;#FFFFFF&#8220; reset_filter_bg_enable_color__hover=&#8220;on&#8220; search_button_bg_color__hover=&#8220;#FFFFFF&#8220;][et_pb_de_mach_search_posts_item title=&#8220;F\u00fcr alle Besuchenden&#8220; filter_post_type=&#8220;acf&#8220; post_type_choose=&#8220;offre-tout-public&#8220; acf_name=&#8220;field_672cb5e3d18ed&#8220; show_label=&#8220;off&#8220; field_id=&#8220;Field_1&#8243; select_placeholder=&#8220;Einen Besuch ausw\u00e4hlen&#8220; _builder_version=&#8220;4.27.4&#8243; _module_preset=&#8220;default&#8220; global_colors_info=&#8220;{}&#8220;][\/et_pb_de_mach_search_posts_item][\/et_pb_de_mach_filter_posts][\/et_pb_column][et_pb_column type=&#8220;1_3&#8243; _builder_version=&#8220;4.27.4&#8243; _module_preset=&#8220;default&#8220; global_colors_info=&#8220;{}&#8220;][\/et_pb_column][et_pb_column type=&#8220;1_3&#8243; _builder_version=&#8220;4.27.4&#8243; _module_preset=&#8220;default&#8220; global_colors_info=&#8220;{}&#8220;][\/et_pb_column][\/et_pb_row][et_pb_row _builder_version=&#8220;4.27.4&#8243; _module_preset=&#8220;default&#8220; width=&#8220;93%&#8220; width_tablet=&#8220;95%&#8220; width_phone=&#8220;98%&#8220; width_last_edited=&#8220;on|phone&#8220; custom_padding=&#8220;0px||||false|false&#8220; global_colors_info=&#8220;{}&#8220;][et_pb_column type=&#8220;4_4&#8243; _builder_version=&#8220;4.27.4&#8243; _module_preset=&#8220;default&#8220; global_colors_info=&#8220;{}&#8220;][et_pb_de_mach_archive_loop post_type_choose=&#8220;offre-tout-public&#8220; loop_layout=&#8220;4054&#8243; no_posts_layout_text=&#8220;D\u00e9sol\u00e9, il n&#8217;y a rien dans cette cat\u00e9gorie&#8220; order_asc_desc=&#8220;DESC&#8220; enable_loadmore=&#8220;infinite&#8220; columns=&#8220;3&#8243; date_format=&#8220;j F Y&#8220; _builder_version=&#8220;4.27.4&#8243; _module_preset=&#8220;default&#8220; global_colors_info=&#8220;{}&#8220;][\/et_pb_de_mach_archive_loop][\/et_pb_column][\/et_pb_row][\/et_pb_section][et_pb_section fb_built=&#8220;1&#8243; _builder_version=&#8220;4.27.4&#8243; _module_preset=&#8220;default&#8220; background_color=&#8220;#7B8DA0&#8243; global_colors_info=&#8220;{}&#8220;][et_pb_row column_structure=&#8220;1_2,1_2&#8243; _builder_version=&#8220;4.27.4&#8243; _module_preset=&#8220;default&#8220; global_colors_info=&#8220;{}&#8220;][et_pb_column type=&#8220;1_2&#8243; _builder_version=&#8220;4.27.4&#8243; _module_preset=&#8220;default&#8220; global_colors_info=&#8220;{}&#8220;][et_pb_text _builder_version=&#8220;4.27.4&#8243; _module_preset=&#8220;default&#8220; global_colors_info=&#8220;{}&#8220;]<\/p>\n<h4>Alle Besuche der Kantonsmuseen Wallis<\/h4>\n<p>[\/et_pb_text][\/et_pb_column][et_pb_column type=&#8220;1_2&#8243; _builder_version=&#8220;4.27.4&#8243; _module_preset=&#8220;default&#8220; global_colors_info=&#8220;{}&#8220;][et_pb_button button_url=&#8220;https:\/\/musees-valais-dev.ch\/de\/unsere-fuehrungen\/#toutpublic&#8220; url_new_window=&#8220;on&#8220; button_text=&#8220;Mehr erfahren&#8220; _builder_version=&#8220;4.27.4&#8243; _module_preset=&#8220;default&#8220; global_colors_info=&#8220;{}&#8220;][\/et_pb_button][\/et_pb_column][\/et_pb_row][\/et_pb_section]<\/p>\n","protected":false},"excerpt":{"rendered":"<p>Besuche f\u00fcr alleAlle Besuche der Kantonsmuseen Wallis<\/p>\n","protected":false},"author":2,"featured_media":0,"parent":0,"menu_order":0,"comment_status":"closed","ping_status":"closed","template":"","meta":{"_acf_changed":false,"_et_pb_use_builder":"on","_et_pb_old_content":"","_et_gb_content_width":"","_crsspst_to_musees-valais-devch":false,"_crsspst_to_artmusees-valais-devch":false,"_crsspst_to_naturemusees-valais-devch":false,"footnotes":""},"class_list":["post-4164","page","type-page","status-publish","hentry"],"acf":[],"_links":{"self":[{"href":"https:\/\/histoire.musees-valais-dev.ch\/de\/wp-json\/wp\/v2\/pages\/4164","targetHints":{"allow":["GET"]}}],"collection":[{"href":"https:\/\/histoire.musees-valais-dev.ch\/de\/wp-json\/wp\/v2\/pages"}],"about":[{"href":"https:\/\/histoire.musees-valais-dev.ch\/de\/wp-json\/wp\/v2\/types\/page"}],"author":[{"embeddable":true,"href":"https:\/\/histoire.musees-valais-dev.ch\/de\/wp-json\/wp\/v2\/users\/2"}],"replies":[{"embeddable":true,"href":"https:\/\/histoire.musees-valais-dev.ch\/de\/wp-json\/wp\/v2\/comments?post=4164"}],"version-history":[{"count":5,"href":"https:\/\/histoire.musees-valais-dev.ch\/de\/wp-json\/wp\/v2\/pages\/4164\/revisions"}],"predecessor-version":[{"id":6879,"href":"https:\/\/histoire.musees-valais-dev.ch\/de\/wp-json\/wp\/v2\/pages\/4164\/revisions\/6879"}],"wp:attachment":[{"href":"https:\/\/histoire.musees-valais-dev.ch\/de\/wp-json\/wp\/v2\/media?parent=4164"}],"curies":[{"name":"wp","href":"https:\/\/api.w.org\/{rel}","templated":true}]}}