{"id":4023,"date":"2024-04-10T10:54:53","date_gmt":"2024-04-10T08:54:53","guid":{"rendered":"https:\/\/histoire.musees-valais-dev.ch\/unsere-sammlungen\/"},"modified":"2025-03-14T16:12:06","modified_gmt":"2025-03-14T15:12:06","slug":"unsere-sammlungen","status":"publish","type":"page","link":"https:\/\/histoire.musees-valais-dev.ch\/de\/unsere-sammlungen\/","title":{"rendered":"Unsere Sammlungen"},"content":{"rendered":"<p>[et_pb_section fb_built=&#8220;1&#8243; fullwidth=&#8220;on&#8220; _builder_version=&#8220;4.27.4&#8243; _module_preset=&#8220;default&#8220; global_colors_info=&#8220;{}&#8220;][et_pb_fullwidth_image src=&#8220;https:\/\/histoire.musees-valais-dev.ch\/wp-content\/uploads\/2025\/02\/Collections-monnaie-1-MH.jpg&#8220; alt=&#8220;Nos collections Mus\u00e9e d&apos;histoire du Valais \u00a9 Mus\u00e9es cantonaux du Valais. Jean-Yves Glassey &#8220; title_text=&#8220;Nos collections Mus\u00e9e d&apos;histoire du Valais \u00a9 Mus\u00e9es cantonaux du Valais. Jean-Yves Glassey &#8220; src_tablet=&#8220;https:\/\/histoire.musees-valais-dev.ch\/wp-content\/uploads\/2025\/02\/Nos-collections-Musee-dhistoire-du-Valais-\u00a9-Musees-cantonaux-du-Valais.-Jean-Yves-Glassey.png&#8220; src_phone=&#8220;https:\/\/histoire.musees-valais-dev.ch\/wp-content\/uploads\/2025\/02\/Nos-collections-Musee-dhistoire-du-Valais-\u00a9-Musees-cantonaux-du-Valais.-Jean-Yves-Glassey.png&#8220; src_last_edited=&#8220;on|tablet&#8220; _builder_version=&#8220;4.27.4&#8243; _module_preset=&#8220;default&#8220; global_colors_info=&#8220;{}&#8220;][\/et_pb_fullwidth_image][\/et_pb_section][et_pb_section fb_built=&#8220;1&#8243; _builder_version=&#8220;4.27.4&#8243; _module_preset=&#8220;default&#8220; global_colors_info=&#8220;{}&#8220;][et_pb_row _builder_version=&#8220;4.24.2&#8243; _module_preset=&#8220;default&#8220; global_colors_info=&#8220;{}&#8220;][et_pb_column type=&#8220;4_4&#8243; _builder_version=&#8220;4.24.2&#8243; _module_preset=&#8220;default&#8220; global_colors_info=&#8220;{}&#8220;][et_pb_text _builder_version=&#8220;4.27.4&#8243; _module_preset=&#8220;default&#8220; header_text_color=&#8220;#000000&#8243; header_2_font=&#8220;||||||||&#8220; global_colors_info=&#8220;{}&#8220;]<\/p>\n<h1>Unsere Sammlungen<\/h1>\n<p>[\/et_pb_text][\/et_pb_column][\/et_pb_row][\/et_pb_section][et_pb_section fb_built=&#8220;1&#8243; _builder_version=&#8220;4.27.4&#8243; _module_preset=&#8220;default&#8220; global_colors_info=&#8220;{}&#8220;][et_pb_row column_structure=&#8220;2_5,3_5&#8243; _builder_version=&#8220;4.27.4&#8243; _module_preset=&#8220;default&#8220; global_colors_info=&#8220;{}&#8220;][et_pb_column type=&#8220;2_5&#8243; _builder_version=&#8220;4.27.4&#8243; _module_preset=&#8220;default&#8220; global_colors_info=&#8220;{}&#8220;][et_pb_text _builder_version=&#8220;4.27.4&#8243; _module_preset=&#8220;default&#8220; global_colors_info=&#8220;{}&#8220;]<\/p>\n<h2>Ein aussergew\u00f6hnliches Erbe<\/h2>\n<p>[\/et_pb_text][\/et_pb_column][et_pb_column type=&#8220;3_5&#8243; _builder_version=&#8220;4.27.4&#8243; _module_preset=&#8220;default&#8220; global_colors_info=&#8220;{}&#8220;][et_pb_text _builder_version=&#8220;4.27.4&#8243; _module_preset=&#8220;default&#8220; hover_enabled=&#8220;0&#8243; global_colors_info=&#8220;{}&#8220; sticky_enabled=&#8220;0&#8243;]<\/p>\n<p><strong>Die Sammlungen des Geschichtsmuseums Wallis umfassen rund 50\u00a0000\u00a0Objekte, darunter seltene, ja einmalige St\u00fccke, oft von internationaler Bedeutung. <\/strong><\/p>\n<p>In den R\u00e4umen des Museums schildern rund tausend sorgf\u00e4ltig ausgew\u00e4hlte Objekte die Geschichte des Wallis, von den ersten menschlichen Spuren bis heute. Diese Zeugen der Vergangenheit entsprechen aber nur einem kleinen Anteil der Sammlungen. Das Geschichtsmuseum Wallis konserviert insgesamt rund 50\u00a0000\u00a0Objekte. Sie alle erz\u00e4hlen auf ihre eigene Art und Weise die Geschichte dieser Gegend. Aufgrund ihrer Seltenheit haben gewisse Artefakte ausserdem eine viel weitl\u00e4ufigere kulturerbliche Bedeutung.<\/p>\n<p>Dank den arch\u00e4ologischen Ausgrabungen, die im Wallis seit dem 19.\u00a0Jahrhundert durchgef\u00fchrt werden, wurden zahlreiche \u00dcberreste und Objekte entdeckt. Die aussergew\u00f6hnlichste Objektgruppe, eine wahre Referenz f\u00fcr das europ\u00e4ische Neolithikum, bilden die anthropomorphen Stelen, die an den Orten Petit-Chasseur und Don Bosco gefunden wurden. Aber auch die Bronzezeit ist gut vertreten: Auf dem Gebiet des heutigen Wallis gab es zahlreiche Kupferminen, und es wurden solch aussergew\u00f6hnliche Gegenst\u00e4nde hergestellt, dass in der Arch\u00e4ologie der Begriff der \u00abRhonekultur\u00bb gepr\u00e4gt wurde. Eine repr\u00e4sentative Auswahl der gallor\u00f6mischen Sammlungen ist in der Fondation Gianadda in Martinach zu sehen.<\/p>\n<p>Die mittelalterlichen Sammlungen bestehen teilweise aus Leihgaben des Domkapitels Sitten, das seit 1883 die R\u00e4ume in der ehemaligen Burganlage Valeria zur Verf\u00fcgung stellt, wo das Geschichtsmuseum beheimatet ist. Zu den bemerkenswertesten Artefakten, die weit \u00fcber die Landesgrenzen hinaus bekannt sind, geh\u00f6ren liturgische Truhen aus dem 13.\u00a0Jahrhundert, Fragmente von Textilien aus dem Hochmittelalter sowie ein mit einem Adler verzierter Schild, den Experten als das sch\u00f6nste erhaltene Exemplar mittelalterlicher Heraldikkunst bezeichnen.<\/p>\n<p>Das Geschichtsmuseum Wallis konserviert zudem eine der vollst\u00e4ndigsten M\u00fcnzensammlungen des Wallis, ausserdem Uniformen von den meisten europ\u00e4ischen H\u00f6fen aus dem Zusammenhang des S\u00f6ldnertums, Artefakte, welche an die prachtvollen Innenausstattungen der Aristokratie im Ancien Regime erinnern, sowie Gegenst\u00e4nde aus dem harten Alltag der Bergbauern und der Arbeiter der ersten Schwerindustrie des Kantons. Die Sammlungspolitik des Museums ber\u00fccksichtigt aber auch die aktuelle Walliser Gesellschaft, sodass Objekte im Zusammenhang mit dem Tourismus, mit Spitzensportlern oder mit den Kl\u00e4ngen, welche die Region auszeichnen, in die Sammlungen eingehen.<\/p>\n<p>Gewisse fr\u00fcher erworbene St\u00fccke entsprechen nicht mehr der heutigen Sammlungspolitik des Museums, welche sich auf das Wallis konzentriert, namentlich eine Sammlung von Antiquit\u00e4ten aus dem Mittelmeerraum und dem Nahen Osten, ein Legat von \u00c9douard Guigoz.<\/p>\n<p>Da nur eine geringe Anzahl von Objekten \u00f6ffentlich ausgestellt ist, wird die gesamte Sammlung schrittweise auf der Plattform <a href=\"https:\/\/www.vallesiana.ch\/patrimoine\/homepage.html#!search\" target=\"_blank\" rel=\"noopener\">Vallesiana<\/a> verf\u00fcgbar gemacht, damit sie \u00fcber das Internet eingesehen werden kann.<\/p>\n<p>[\/et_pb_text][et_pb_button button_url=&#8220;https:\/\/www.vallesiana.ch\/patrimoine\/recherche-14.html#!search;filter=provenance_gen%255C2%2522MUSEUMPLUS%255C3%255C3%255C3%255C3%257C_Musee_d_histoire_du_Valais__Sion%2522&#8243; url_new_window=&#8220;on&#8220; button_text=&#8220;Die Sammlung online ansehen&#8220; _builder_version=&#8220;4.27.4&#8243; _module_preset=&#8220;default&#8220; global_colors_info=&#8220;{}&#8220;][\/et_pb_button][\/et_pb_column][\/et_pb_row][\/et_pb_section][et_pb_section fb_built=&#8220;1&#8243; _builder_version=&#8220;4.27.4&#8243; _module_preset=&#8220;default&#8220; background_color=&#8220;#EDEDED&#8220; global_colors_info=&#8220;{}&#8220;][et_pb_row column_structure=&#8220;2_5,3_5&#8243; _builder_version=&#8220;4.27.4&#8243; _module_preset=&#8220;default&#8220; global_colors_info=&#8220;{}&#8220;][et_pb_column type=&#8220;2_5&#8243; _builder_version=&#8220;4.27.4&#8243; _module_preset=&#8220;default&#8220; global_colors_info=&#8220;{}&#8220;][et_pb_text _builder_version=&#8220;4.27.4&#8243; _module_preset=&#8220;default&#8220; global_colors_info=&#8220;{}&#8220;]<\/p>\n<h2>Erforschen und bewahren<\/h2>\n<p>[\/et_pb_text][\/et_pb_column][et_pb_column type=&#8220;3_5&#8243; _builder_version=&#8220;4.27.4&#8243; _module_preset=&#8220;default&#8220; global_colors_info=&#8220;{}&#8220;][et_pb_text _builder_version=&#8220;4.27.4&#8243; _module_preset=&#8220;default&#8220; global_colors_info=&#8220;{}&#8220;]<\/p>\n<p>Alle Best\u00e4nde der Walliser Kantonsmuseen unterstehen der Verantwortung der Sektion Sammlungen, welche deren Verwaltung und Konservierung gew\u00e4hrleistet.<\/p>\n<p>Das Konservierungsteam sorgt f\u00fcr die langfristige Konservierung der Sammlungen der Walliser Kantonsmuseen. Die Sammlungen umfassen Objekte verschiedenster Art, wie Gem\u00e4lde, M\u00f6bel, Textilien, arch\u00e4ologische Gegenst\u00e4nde und nat\u00fcrliche Exemplare. Diese erfordern besondere Aufmerksamkeit, um die Zeit zu \u00fcberdauern. <\/p>\n<p>Vorbeugende Konservierungsmassnahmen sch\u00fctzen gegen Faktoren, die Ver\u00e4nderungen an den Objekten verursachen k\u00f6nnen, wie Schwankungen des Raumklimas oder mechanische Einwirkungen. Sie beugen Sch\u00e4digungen durch Licht, Insekten und Parasiten vor. Im Rahmen der Lagerverwaltung \u00fcberpr\u00fcft die Sektion Sammlungen ausserdem die optimalen Lagerbedingungen f\u00fcr die Objekte und kontrolliert regelm\u00e4ssig die Lagerr\u00e4ume.  <\/p>\n<p>Die Sektion Sammlungen gibt bei Ausleihanfragen und Neuanschaffungen Vormeinungen ab, indem sie Zustandsprotokolle erstellt. Ausserdem bereitet sie die Objekte f\u00fcr Transporte vor und f\u00fcr die Einlagerung unter geeigneten Bedingungen. Sie organisiert auch die Objektlogistik im Zusammenhang mit Ausstellungen, beispielsweise den Transport oder die Ausstattung mit einem geeigneten Sockel.  <\/p>\n<p>Ein Fotostudio erstellt die fotografische Dokumentation der Objekte in Erg\u00e4nzung zu den wissenschaftlichen und administrativen Daten, welche von den Inventarbeauftragten in jedem der drei Walliser Kantonsmuseen erstellt werden.<\/p>\n<p>[\/et_pb_text][\/et_pb_column][\/et_pb_row][\/et_pb_section]<\/p>\n","protected":false},"excerpt":{"rendered":"<p>Unsere SammlungenEin aussergew\u00f6hnliches ErbeDie Sammlungen des Geschichtsmuseums Wallis umfassen rund 50\u00a0000\u00a0Objekte, darunter seltene, ja einmalige St\u00fccke, oft von internationaler Bedeutung. In den R\u00e4umen des Museums schildern rund tausend sorgf\u00e4ltig ausgew\u00e4hlte Objekte die Geschichte des Wallis, von den ersten menschlichen Spuren bis heute. Diese Zeugen der Vergangenheit entsprechen aber nur einem kleinen Anteil der Sammlungen. Das [&hellip;]<\/p>\n","protected":false},"author":2,"featured_media":0,"parent":0,"menu_order":0,"comment_status":"closed","ping_status":"closed","template":"","meta":{"_acf_changed":false,"_et_pb_use_builder":"on","_et_pb_old_content":"","_et_gb_content_width":"","_crsspst_to_musees-valais-devch":false,"_crsspst_to_artmusees-valais-devch":false,"_crsspst_to_naturemusees-valais-devch":false,"footnotes":""},"class_list":["post-4023","page","type-page","status-publish","hentry"],"acf":[],"_links":{"self":[{"href":"https:\/\/histoire.musees-valais-dev.ch\/de\/wp-json\/wp\/v2\/pages\/4023","targetHints":{"allow":["GET"]}}],"collection":[{"href":"https:\/\/histoire.musees-valais-dev.ch\/de\/wp-json\/wp\/v2\/pages"}],"about":[{"href":"https:\/\/histoire.musees-valais-dev.ch\/de\/wp-json\/wp\/v2\/types\/page"}],"author":[{"embeddable":true,"href":"https:\/\/histoire.musees-valais-dev.ch\/de\/wp-json\/wp\/v2\/users\/2"}],"replies":[{"embeddable":true,"href":"https:\/\/histoire.musees-valais-dev.ch\/de\/wp-json\/wp\/v2\/comments?post=4023"}],"version-history":[{"count":5,"href":"https:\/\/histoire.musees-valais-dev.ch\/de\/wp-json\/wp\/v2\/pages\/4023\/revisions"}],"predecessor-version":[{"id":6881,"href":"https:\/\/histoire.musees-valais-dev.ch\/de\/wp-json\/wp\/v2\/pages\/4023\/revisions\/6881"}],"wp:attachment":[{"href":"https:\/\/histoire.musees-valais-dev.ch\/de\/wp-json\/wp\/v2\/media?parent=4023"}],"curies":[{"name":"wp","href":"https:\/\/api.w.org\/{rel}","templated":true}]}}