{"id":4019,"date":"2024-04-10T10:56:59","date_gmt":"2024-04-10T08:56:59","guid":{"rendered":"https:\/\/histoire.musees-valais-dev.ch\/unsere-dienstleistungen\/"},"modified":"2025-03-12T10:14:45","modified_gmt":"2025-03-12T09:14:45","slug":"unsere-dienstleistungen","status":"publish","type":"page","link":"https:\/\/histoire.musees-valais-dev.ch\/de\/unsere-dienstleistungen\/","title":{"rendered":"Unsere Dienstleistungen"},"content":{"rendered":"<p>[et_pb_section fb_built=&#8220;1&#8243; _builder_version=&#8220;4.27.4&#8243; _module_preset=&#8220;default&#8220; hover_enabled=&#8220;0&#8243; global_colors_info=&#8220;{}&#8220; sticky_enabled=&#8220;0&#8243;][et_pb_row _builder_version=&#8220;4.27.4&#8243; _module_preset=&#8220;default&#8220; hover_enabled=&#8220;0&#8243; global_colors_info=&#8220;{}&#8220; sticky_enabled=&#8220;0&#8243;][et_pb_column type=&#8220;4_4&#8243; _builder_version=&#8220;4.24.2&#8243; _module_preset=&#8220;default&#8220; global_colors_info=&#8220;{}&#8220;][et_pb_text _builder_version=&#8220;4.27.4&#8243; _module_preset=&#8220;default&#8220; header_text_color=&#8220;#000000&#8243; header_2_font=&#8220;||||||||&#8220; global_colors_info=&#8220;{}&#8220;]<\/p>\n<h1>Unsere Dienstleistungen<\/h1>\n<p>[\/et_pb_text][\/et_pb_column][\/et_pb_row][et_pb_row column_structure=&#8220;2_5,3_5&#8243; _builder_version=&#8220;4.27.4&#8243; _module_preset=&#8220;default&#8220; custom_padding=&#8220;0px||||false|false&#8220; hover_enabled=&#8220;0&#8243; global_colors_info=&#8220;{}&#8220; module_id=&#8220;bibliotheque&#8220; sticky_enabled=&#8220;0&#8243;][et_pb_column type=&#8220;2_5&#8243; _builder_version=&#8220;4.27.4&#8243; _module_preset=&#8220;default&#8220; global_colors_info=&#8220;{}&#8220;][et_pb_text _builder_version=&#8220;4.27.4&#8243; _module_preset=&#8220;default&#8220; global_colors_info=&#8220;{}&#8220;]<\/p>\n<h2>Bibliothek<\/h2>\n<p>[\/et_pb_text][\/et_pb_column][et_pb_column type=&#8220;3_5&#8243; _builder_version=&#8220;4.27.4&#8243; _module_preset=&#8220;default&#8220; global_colors_info=&#8220;{}&#8220;][et_pb_text _builder_version=&#8220;4.27.4&#8243; _module_preset=&#8220;default&#8220; global_colors_info=&#8220;{}&#8220;]<\/p>\n<p><strong>Die Bibliothek der Walliser Kantonsmuseen umfasst verschiedene Dokumente mit Bezug auf die Sammlungen, die Forschungsbereiche und die laufenden Forschungsarbeiten der einzelnen Museen.<\/strong><\/p>\n<p>Die Bibliothek ist nur auf Anmeldung zug\u00e4nglich. Die Werke k\u00f6nnen nur vor Ort benutzt werden. Der Zugang zu den B\u00fccherregalen ist dem Bibliothekspersonal vorbehalten. Die Werke k\u00f6nnen nur nach vorheriger Reservierung eingesehen werden. Bitte geben Sie uns vor Ihrem Besuch bekannt, welche Werke Sie ben\u00f6tigen.   <\/p>\n<p>Den Online-Katalog abfragen: <a href=\"https:\/\/bib.rero.ch\/vs\/\" target=\"_blank\" rel=\"noopener\">RERO Wallis<\/a><\/p>\n<p><strong>Kontakt<\/strong>: <a href=\"mailto:sc-musees-centredocu@admin.vs.ch\">sc-musees-centredocu@admin.vs.ch<\/a><\/p>\n<p>[\/et_pb_text][\/et_pb_column][\/et_pb_row][\/et_pb_section][et_pb_section fb_built=&#8220;1&#8243; module_id=&#8220;phototheque&#8220; _builder_version=&#8220;4.27.4&#8243; _module_preset=&#8220;default&#8220; background_color=&#8220;#EDEDED&#8220; hover_enabled=&#8220;0&#8243; global_colors_info=&#8220;{}&#8220; sticky_enabled=&#8220;0&#8243;][et_pb_row column_structure=&#8220;2_5,3_5&#8243; _builder_version=&#8220;4.27.4&#8243; _module_preset=&#8220;default&#8220; hover_enabled=&#8220;0&#8243; global_colors_info=&#8220;{}&#8220; sticky_enabled=&#8220;0&#8243;][et_pb_column type=&#8220;2_5&#8243; _builder_version=&#8220;4.27.4&#8243; _module_preset=&#8220;default&#8220; global_colors_info=&#8220;{}&#8220;][et_pb_text _builder_version=&#8220;4.27.4&#8243; _module_preset=&#8220;default&#8220; global_colors_info=&#8220;{}&#8220;]<\/p>\n<h2>Fotothek<\/h2>\n<p>[\/et_pb_text][\/et_pb_column][et_pb_column type=&#8220;3_5&#8243; _builder_version=&#8220;4.27.4&#8243; _module_preset=&#8220;default&#8220; global_colors_info=&#8220;{}&#8220;][et_pb_text _builder_version=&#8220;4.27.4&#8243; _module_preset=&#8220;default&#8220; global_colors_info=&#8220;{}&#8220;]<\/p>\n<p><strong>Die Fotothek der Walliser Kantonsmuseen zentralisiert die gesamte fotografische Dokumentation zu den verschiedenen Museen und ihren Forschungsbereichen sowie zu den Walliser Denkm\u00e4lern.<\/strong><\/p>\n<p>Die Fotos k\u00f6nnen auf dem <a href=\"https:\/\/www.vallesiana.ch\/\" target=\"_blank\" rel=\"noopener\">Vallesiana<\/a>-Portal teilweise online eingesehen werden. F\u00fcr Forschungsarbeiten, Publikationen, Zeitschriftenartikel oder zur Dokumentation k\u00f6nnen hochaufl\u00f6sende Dateien bestellt werden. Je nach Art der Anfrage k\u00f6nnen Benutzungsgeb\u00fchren erhoben werden.  <\/p>\n<p>F\u00fcr Pressebilder konsultieren Sie bitte hier die verf\u00fcgbaren Dossiers und die entsprechenden Bilder zum <a href=\"https:\/\/www.vs.ch\/web\/culture\/infos-medias\" target=\"_blank\" rel=\"noopener\">Herunterladen.<\/a><\/p>\n<p><strong>Kontakt<\/strong>: <a href=\"mailto:sc-musees-centredocu@admin.vs.ch\">sc-musees-centredocu@admin.vs.ch<\/a><\/p>\n<p>[\/et_pb_text][\/et_pb_column][\/et_pb_row][\/et_pb_section][et_pb_section fb_built=&#8220;1&#8243; module_id=&#8220;media&#8220; _builder_version=&#8220;4.27.4&#8243; _module_preset=&#8220;default&#8220; background_color=&#8220;#FFFFFF&#8220; hover_enabled=&#8220;0&#8243; global_colors_info=&#8220;{}&#8220; sticky_enabled=&#8220;0&#8243;][et_pb_row column_structure=&#8220;2_5,3_5&#8243; _builder_version=&#8220;4.27.4&#8243; _module_preset=&#8220;default&#8220; hover_enabled=&#8220;0&#8243; global_colors_info=&#8220;{}&#8220; sticky_enabled=&#8220;0&#8243;][et_pb_column type=&#8220;2_5&#8243; _builder_version=&#8220;4.27.4&#8243; _module_preset=&#8220;default&#8220; global_colors_info=&#8220;{}&#8220;][et_pb_text _builder_version=&#8220;4.27.4&#8243; _module_preset=&#8220;default&#8220; global_colors_info=&#8220;{}&#8220;]<\/p>\n<h2>F\u00fcr die Medien<\/h2>\n<p>[\/et_pb_text][\/et_pb_column][et_pb_column type=&#8220;3_5&#8243; _builder_version=&#8220;4.27.4&#8243; _module_preset=&#8220;default&#8220; global_colors_info=&#8220;{}&#8220;][et_pb_text _builder_version=&#8220;4.27.4&#8243; _module_preset=&#8220;default&#8220; global_colors_info=&#8220;{}&#8220;]<\/p>\n<p><strong>Pressedossiers und Informationen f\u00fcr die Medien sind auf der Website der Dienststelle f\u00fcr Kultur unter Kommunikation und Medien \u2013 <a href=\"https:\/\/www.vs.ch\/web\/culture\/infos-medias\" target=\"_blank\" rel=\"noopener\">Medienmitteilung <\/a>abrufbar.<\/strong><\/p>\n<p>F\u00fcr alle anderen Presseanfragen wenden Sie sich bitte an:<\/p>\n<p>David Werlen, Kommunikationsbeauftragter der Dienststelle f\u00fcr Kultur <br \/><a href=\"tel:+41276064697\">027 606 46 97<\/a> \u2013 <a href=\"mailto:david.werlen@admin.vs.ch\">david.werlen@admin.vs.ch<\/a><\/p>\n<p>[\/et_pb_text][\/et_pb_column][\/et_pb_row][\/et_pb_section][et_pb_section fb_built=&#8220;1&#8243; disabled_on=&#8220;on|on|on&#8220; module_id=&#8220;chercheurs&#8220; _builder_version=&#8220;4.27.4&#8243; _module_preset=&#8220;default&#8220; hover_enabled=&#8220;0&#8243; disabled=&#8220;on&#8220; global_colors_info=&#8220;{}&#8220; sticky_enabled=&#8220;0&#8243;][et_pb_row column_structure=&#8220;2_5,3_5&#8243; _builder_version=&#8220;4.27.4&#8243; _module_preset=&#8220;default&#8220; hover_enabled=&#8220;0&#8243; global_colors_info=&#8220;{}&#8220; sticky_enabled=&#8220;0&#8243;][et_pb_column type=&#8220;2_5&#8243; _builder_version=&#8220;4.27.4&#8243; _module_preset=&#8220;default&#8220; global_colors_info=&#8220;{}&#8220;][et_pb_text _builder_version=&#8220;4.27.4&#8243; _module_preset=&#8220;default&#8220; global_colors_info=&#8220;{}&#8220;]<\/p>\n<h2>F\u00fcr die Forschung<\/h2>\n<p>[\/et_pb_text][\/et_pb_column][et_pb_column type=&#8220;3_5&#8243; _builder_version=&#8220;4.27.4&#8243; _module_preset=&#8220;default&#8220; global_colors_info=&#8220;{}&#8220;][\/et_pb_column][\/et_pb_row][\/et_pb_section][et_pb_section fb_built=&#8220;1&#8243; module_id=&#8220;emploi&#8220; _builder_version=&#8220;4.27.4&#8243; _module_preset=&#8220;default&#8220; background_color=&#8220;#EDEDED&#8220; hover_enabled=&#8220;0&#8243; global_colors_info=&#8220;{}&#8220; sticky_enabled=&#8220;0&#8243;][et_pb_row column_structure=&#8220;2_5,3_5&#8243; _builder_version=&#8220;4.27.4&#8243; _module_preset=&#8220;default&#8220; hover_enabled=&#8220;0&#8243; global_colors_info=&#8220;{}&#8220; sticky_enabled=&#8220;0&#8243;][et_pb_column type=&#8220;2_5&#8243; _builder_version=&#8220;4.27.4&#8243; _module_preset=&#8220;default&#8220; global_colors_info=&#8220;{}&#8220;][et_pb_text _builder_version=&#8220;4.27.4&#8243; _module_preset=&#8220;default&#8220; global_colors_info=&#8220;{}&#8220;]<\/p>\n<h2>Stellen<\/h2>\n<p>[\/et_pb_text][\/et_pb_column][et_pb_column type=&#8220;3_5&#8243; _builder_version=&#8220;4.27.4&#8243; _module_preset=&#8220;default&#8220; global_colors_info=&#8220;{}&#8220;][et_pb_text _builder_version=&#8220;4.27.4&#8243; _module_preset=&#8220;default&#8220; global_colors_info=&#8220;{}&#8220;]<\/p>\n<p>Zurzeit sind im Geschichtsmuseum Wallis keine Stellen frei.<\/p>\n<p>Sie m\u00f6chten sich spontan bewerben? Dann senden Sie Ihren Lebenslauf und Ihr Motivationsschreiben an: <a href=\"mailto:sc-musees-rh@admin.vs.ch\">sc-musees-rh@admin.vs.ch<\/a><\/p>\n<p>[\/et_pb_text][et_pb_text disabled_on=&#8220;on|on|on&#8220; _builder_version=&#8220;4.27.4&#8243; _module_preset=&#8220;default&#8220; disabled=&#8220;on&#8220; global_colors_info=&#8220;{}&#8220;]<\/p>\n<p>Stellenbezeichnung<\/p>\n<p>[\/et_pb_text][et_pb_button url_new_window=&#8220;on&#8220; button_text=&#8220;Klicks&#8220; disabled_on=&#8220;on|on|on&#8220; _builder_version=&#8220;4.27.4&#8243; _module_preset=&#8220;default&#8220; disabled=&#8220;on&#8220; global_colors_info=&#8220;{}&#8220;][\/et_pb_button][et_pb_button url_new_window=&#8220;on&#8220; button_text=&#8220;Klicks&#8220; disabled_on=&#8220;on|on|on&#8220; _builder_version=&#8220;4.27.4&#8243; _module_preset=&#8220;default&#8220; disabled=&#8220;on&#8220; global_colors_info=&#8220;{}&#8220;][\/et_pb_button][\/et_pb_column][\/et_pb_row][\/et_pb_section][et_pb_section fb_built=&#8220;1&#8243; module_id=&#8220;location&#8220; _builder_version=&#8220;4.27.4&#8243; _module_preset=&#8220;default&#8220; hover_enabled=&#8220;0&#8243; global_colors_info=&#8220;{}&#8220; sticky_enabled=&#8220;0&#8243;][et_pb_row column_structure=&#8220;2_5,3_5&#8243; _builder_version=&#8220;4.27.4&#8243; _module_preset=&#8220;default&#8220; hover_enabled=&#8220;0&#8243; global_colors_info=&#8220;{}&#8220; sticky_enabled=&#8220;0&#8243;][et_pb_column type=&#8220;2_5&#8243; _builder_version=&#8220;4.27.4&#8243; _module_preset=&#8220;default&#8220; global_colors_info=&#8220;{}&#8220;][et_pb_text _builder_version=&#8220;4.27.4&#8243; _module_preset=&#8220;default&#8220; global_colors_info=&#8220;{}&#8220;]<\/p>\n<h2>R\u00e4ume mieten<\/h2>\n<p>[\/et_pb_text][\/et_pb_column][et_pb_column type=&#8220;3_5&#8243; _builder_version=&#8220;4.27.4&#8243; _module_preset=&#8220;default&#8220; global_colors_info=&#8220;{}&#8220;][et_pb_text _builder_version=&#8220;4.27.4&#8243; _module_preset=&#8220;default&#8220; global_colors_info=&#8220;{}&#8220;]<\/p>\n<p><strong>Eine Reihe von Bereichen k\u00f6nnen f\u00fcr private Veranstaltungen gemietet werden:<\/strong><\/p>\n<ul>\n<li>Terrasse des Kunstmuseums Wallis<\/li>\n<li>Saal der Terrasse des Kunstmuseums Wallis<\/li>\n<li>Place de la Majorie<\/li>\n<li>Der Innenhof der ehemaligen Strafanstalt (zurzeit wegen Bauarbeiten nicht verf\u00fcgbar)<\/li>\n<li>Die ehemalige Strafanstalt \u00abLe P\u00e9nitencier\u00bb (zurzeit wegen Bauarbeiten nicht verf\u00fcgbar)<\/li>\n<li>Die Jesuitenkirche (zurzeit wegen Bauarbeiten nicht verf\u00fcgbar)<\/li>\n<li>Der Innenhof des Naturmuseums Wallis<\/li>\n<\/ul>\n<p>Ben\u00f6tigen Sie weitere Ausk\u00fcnfte? M\u00f6chten Sie einen Bereich reservieren? Dann senden Sie uns eine E-Mail: <a href=\"mailto:sc-museescantonaux@admin.vs.ch\">sc-museescantonaux@admin.vs.ch<\/a><\/p>\n<p>[\/et_pb_text][\/et_pb_column][\/et_pb_row][\/et_pb_section]<\/p>\n","protected":false},"excerpt":{"rendered":"<p>Unsere DienstleistungenBibliothekDie Bibliothek der Walliser Kantonsmuseen umfasst verschiedene Dokumente mit Bezug auf die Sammlungen, die Forschungsbereiche und die laufenden Forschungsarbeiten der einzelnen Museen. Die Bibliothek ist nur auf Anmeldung zug\u00e4nglich. Die Werke k\u00f6nnen nur vor Ort benutzt werden. Der Zugang zu den B\u00fccherregalen ist dem Bibliothekspersonal vorbehalten. Die Werke k\u00f6nnen nur nach vorheriger Reservierung eingesehen [&hellip;]<\/p>\n","protected":false},"author":2,"featured_media":0,"parent":0,"menu_order":0,"comment_status":"closed","ping_status":"closed","template":"","meta":{"_acf_changed":false,"_et_pb_use_builder":"on","_et_pb_old_content":"","_et_gb_content_width":"","_crsspst_to_musees-valais-devch":false,"_crsspst_to_artmusees-valais-devch":false,"_crsspst_to_naturemusees-valais-devch":false,"footnotes":""},"class_list":["post-4019","page","type-page","status-publish","hentry"],"acf":[],"_links":{"self":[{"href":"https:\/\/histoire.musees-valais-dev.ch\/de\/wp-json\/wp\/v2\/pages\/4019","targetHints":{"allow":["GET"]}}],"collection":[{"href":"https:\/\/histoire.musees-valais-dev.ch\/de\/wp-json\/wp\/v2\/pages"}],"about":[{"href":"https:\/\/histoire.musees-valais-dev.ch\/de\/wp-json\/wp\/v2\/types\/page"}],"author":[{"embeddable":true,"href":"https:\/\/histoire.musees-valais-dev.ch\/de\/wp-json\/wp\/v2\/users\/2"}],"replies":[{"embeddable":true,"href":"https:\/\/histoire.musees-valais-dev.ch\/de\/wp-json\/wp\/v2\/comments?post=4019"}],"version-history":[{"count":5,"href":"https:\/\/histoire.musees-valais-dev.ch\/de\/wp-json\/wp\/v2\/pages\/4019\/revisions"}],"predecessor-version":[{"id":4214,"href":"https:\/\/histoire.musees-valais-dev.ch\/de\/wp-json\/wp\/v2\/pages\/4019\/revisions\/4214"}],"wp:attachment":[{"href":"https:\/\/histoire.musees-valais-dev.ch\/de\/wp-json\/wp\/v2\/media?parent=4019"}],"curies":[{"name":"wp","href":"https:\/\/api.w.org\/{rel}","templated":true}]}}