{"id":3954,"date":"2024-04-05T14:41:22","date_gmt":"2024-04-05T12:41:22","guid":{"rendered":"https:\/\/histoire.musees-valais-dev.ch\/unsere-fuehrungen\/"},"modified":"2025-03-14T12:17:52","modified_gmt":"2025-03-14T11:17:52","slug":"unsere-fuehrungen","status":"publish","type":"page","link":"https:\/\/histoire.musees-valais-dev.ch\/de\/unsere-fuehrungen\/","title":{"rendered":"Unsere F\u00fchrungen"},"content":{"rendered":"<p>[et_pb_section fb_built=&#8220;1&#8243; _builder_version=&#8220;4.27.2&#8243; _module_preset=&#8220;default&#8220; background_enable_color=&#8220;off&#8220; global_colors_info=&#8220;{}&#8220;][et_pb_row _builder_version=&#8220;4.22.1&#8243; _module_preset=&#8220;_initial&#8220; global_colors_info=&#8220;{}&#8220;][et_pb_column type=&#8220;4_4&#8243; _builder_version=&#8220;4.22.1&#8243; _module_preset=&#8220;default&#8220; global_colors_info=&#8220;{}&#8220;][et_pb_text _builder_version=&#8220;4.27.4&#8243; _module_preset=&#8220;_initial&#8220; header_text_color=&#8220;#000000&#8243; header_2_text_align=&#8220;left&#8220; header_2_text_color=&#8220;#000000&#8243; global_colors_info=&#8220;{}&#8220;]<\/p>\n<h1>F\u00fchrungen und Aktivit\u00e4ten<\/h1>\n<p>[\/et_pb_text][\/et_pb_column][\/et_pb_row][\/et_pb_section][et_pb_section fb_built=&#8220;1&#8243; module_id=&#8220;toutpublic&#8220; _builder_version=&#8220;4.27.4&#8243; _module_preset=&#8220;default&#8220; global_colors_info=&#8220;{}&#8220;][et_pb_row column_structure=&#8220;1_3,2_3&#8243; _builder_version=&#8220;4.24.2&#8243; _module_preset=&#8220;_initial&#8220; global_colors_info=&#8220;{}&#8220;][et_pb_column type=&#8220;1_3&#8243; _builder_version=&#8220;4.24.2&#8243; _module_preset=&#8220;default&#8220; global_colors_info=&#8220;{}&#8220;][et_pb_text _builder_version=&#8220;4.27.4&#8243; _module_preset=&#8220;_initial&#8220; header_2_text_align=&#8220;left&#8220; header_2_text_color=&#8220;#000000&#8243; global_colors_info=&#8220;{}&#8220;]<\/p>\n<h2>F\u00fcr alle Besuchenden<\/h2>\n<p>[\/et_pb_text][\/et_pb_column][et_pb_column type=&#8220;2_3&#8243; _builder_version=&#8220;4.24.2&#8243; _module_preset=&#8220;default&#8220; global_colors_info=&#8220;{}&#8220;][et_pb_text disabled_on=&#8220;off|off|off&#8220; _builder_version=&#8220;4.27.4&#8243; _module_preset=&#8220;_initial&#8220; header_2_text_align=&#8220;left&#8220; header_2_text_color=&#8220;#FFFFFF&#8220; global_colors_info=&#8220;{}&#8220;]<\/p>\n<h3>Freie Besuche<\/h3>\n<p>Lassen Sie sich auf einem Rundgang ganz nach Ihrem eigenen Rhythmus durch das Museum leiten. Entdecken Sie die R\u00e4ume und Sammlungen mit abwechslungsreichem Begleitmaterial auf eigene Faust.<\/p>\n<p>[\/et_pb_text][et_pb_button button_url=&#8220;https:\/\/histoire.musees-valais-dev.ch\/de\/angebote-fuer-alle-besuchenden\/?filter=true&#038;tout_public=Visites%20libres&#8220; button_text=&#8220;Alle Besuchsangebote ansehen&#8220; button_alignment=&#8220;left&#8220; _builder_version=&#8220;4.27.4&#8243; _module_preset=&#8220;_initial&#8220; custom_margin=&#8220;||||false|false&#8220; hover_enabled=&#8220;0&#8243; global_colors_info=&#8220;{}&#8220; button_text_color__hover_enabled=&#8220;on|desktop&#8220; sticky_enabled=&#8220;0&#8243;][\/et_pb_button][et_pb_text disabled_on=&#8220;off|off|off&#8220; _builder_version=&#8220;4.27.4&#8243; _module_preset=&#8220;_initial&#8220; header_2_text_align=&#8220;left&#8220; header_2_text_color=&#8220;#FFFFFF&#8220; global_colors_info=&#8220;{}&#8220;]<\/p>\n<h3>F\u00fchrungen<\/h3>\n<p>Sie k\u00f6nnen das Kunstmuseum Wallis in Begleitung einer Moderatorin oder eines Moderators besuchen. Denken Sie daran, die F\u00fchrung mindestens zwei Wochen im Voraus zu buchen. So k\u00f6nnen Sie das Museum einmal anders erleben. <\/p>\n<p>[\/et_pb_text][et_pb_button button_url=&#8220;https:\/\/histoire.musees-valais-dev.ch\/de\/angebote-fuer-alle-besuchenden\/?filter=true&#038;tout_public=Visites%20guid%C3%A9es&#8220; button_text=&#8220;Alle Besuchsangebote ansehen&#8220; button_alignment=&#8220;left&#8220; _builder_version=&#8220;4.27.4&#8243; _module_preset=&#8220;_initial&#8220; custom_margin=&#8220;||||false|false&#8220; hover_enabled=&#8220;0&#8243; global_colors_info=&#8220;{}&#8220; button_text_color__hover_enabled=&#8220;on|desktop&#8220; sticky_enabled=&#8220;0&#8243;][\/et_pb_button][et_pb_text disabled_on=&#8220;on|on|on&#8220; _builder_version=&#8220;4.27.4&#8243; _module_preset=&#8220;_initial&#8220; header_2_text_align=&#8220;left&#8220; header_2_text_color=&#8220;#FFFFFF&#8220; disabled=&#8220;on&#8220; global_colors_info=&#8220;{}&#8220;]<\/p>\n<h3>Workshops f\u00fcr Erwachsene<\/h3>\n<p>[\/et_pb_text][et_pb_text disabled_on=&#8220;off|off|off&#8220; _builder_version=&#8220;4.27.4&#8243; _module_preset=&#8220;_initial&#8220; header_2_text_align=&#8220;left&#8220; header_2_text_color=&#8220;#FFFFFF&#8220; global_colors_info=&#8220;{}&#8220;]<\/p>\n<h3>Barrierefreie Besuche<\/h3>\n<p>Das Geschichtsmuseum bietet spezielle Angebote f\u00fcr Menschen mit besonderen Bed\u00fcrfnissen.<\/p>\n<p>[\/et_pb_text][et_pb_button button_url=&#8220;https:\/\/histoire.musees-valais-dev.ch\/de\/angebote-fuer-alle-besuchenden\/?filter=true&#038;tout_public=Visites%20inclusives&#8220; button_text=&#8220;Alle Besuchsangebote ansehen&#8220; button_alignment=&#8220;left&#8220; _builder_version=&#8220;4.27.4&#8243; _module_preset=&#8220;_initial&#8220; custom_margin=&#8220;||||false|false&#8220; hover_enabled=&#8220;0&#8243; global_colors_info=&#8220;{}&#8220; button_text_color__hover_enabled=&#8220;on|desktop&#8220; sticky_enabled=&#8220;0&#8243;][\/et_pb_button][\/et_pb_column][\/et_pb_row][\/et_pb_section][et_pb_section fb_built=&#8220;1&#8243; module_id=&#8220;jeunepublic&#8220; _builder_version=&#8220;4.27.4&#8243; _module_preset=&#8220;default&#8220; background_color=&#8220;#EDEDED&#8220; global_colors_info=&#8220;{}&#8220;][et_pb_row column_structure=&#8220;1_3,2_3&#8243; _builder_version=&#8220;4.24.2&#8243; _module_preset=&#8220;_initial&#8220; global_colors_info=&#8220;{}&#8220;][et_pb_column type=&#8220;1_3&#8243; _builder_version=&#8220;4.24.2&#8243; _module_preset=&#8220;default&#8220; global_colors_info=&#8220;{}&#8220;][et_pb_text _builder_version=&#8220;4.27.4&#8243; _module_preset=&#8220;_initial&#8220; text_text_color=&#8220;#000000&#8243; header_2_text_align=&#8220;left&#8220; header_2_text_color=&#8220;#000000&#8243; header_3_text_color=&#8220;#000000&#8243; header_4_text_color=&#8220;#000000&#8243; global_colors_info=&#8220;{}&#8220;]<\/p>\n<h2>Junges Publikum<\/h2>\n<p>[\/et_pb_text][\/et_pb_column][et_pb_column type=&#8220;2_3&#8243; _builder_version=&#8220;4.24.2&#8243; _module_preset=&#8220;default&#8220; global_colors_info=&#8220;{}&#8220;][et_pb_text _builder_version=&#8220;4.27.4&#8243; _module_preset=&#8220;_initial&#8220; text_text_color=&#8220;#000000&#8243; header_2_text_align=&#8220;left&#8220; header_2_text_color=&#8220;#000000&#8243; header_3_text_color=&#8220;#000000&#8243; header_4_text_color=&#8220;#000000&#8243; global_colors_info=&#8220;{}&#8220;]<\/p>\n<h3>Freie Besuche<\/h3>\n<p>Audioguides, Spiele und interaktive Stationen sowie vieles mehr stehen unserem j\u00fcngsten Publikum f\u00fcr einen selbst\u00e4ndigen Museumsbesuch zur Verf\u00fcgung.<\/p>\n<p>[\/et_pb_text][et_pb_button button_url=&#8220;https:\/\/histoire.musees-valais-dev.ch\/de\/angebote-fuer-junges-publikum\/?filter=true&#038;jeune_public=Visites%20libres&#8220; button_text=&#8220;Alle Besuchsangebote ansehen&#8220; button_alignment=&#8220;left&#8220; _builder_version=&#8220;4.27.4&#8243; _module_preset=&#8220;35d443c6-ddea-4685-814e-11dad16d14df&#8220; button_text_color=&#8220;#000000&#8243; button_bg_color=&#8220;#FF8928&#8243; custom_margin=&#8220;||||false|false&#8220; hover_enabled=&#8220;0&#8243; global_colors_info=&#8220;{}&#8220; button_bg_color__hover_enabled=&#8220;on|hover&#8220; button_text_color__hover=&#8220;#ffffff&#8220; button_bg_color__hover=&#8220;#FF8928&#8243; sticky_enabled=&#8220;0&#8243;][\/et_pb_button][et_pb_text disabled_on=&#8220;on|on|on&#8220; _builder_version=&#8220;4.27.4&#8243; _module_preset=&#8220;_initial&#8220; text_text_color=&#8220;#000000&#8243; header_2_text_align=&#8220;left&#8220; header_2_text_color=&#8220;#000000&#8243; header_3_text_color=&#8220;#000000&#8243; header_4_text_color=&#8220;#000000&#8243; disabled=&#8220;on&#8220; global_colors_info=&#8220;{}&#8220;]<\/p>\n<h3>Erlebnisprogramm f\u00fcr Kinder<\/h3>\n<p>[\/et_pb_text][et_pb_text _builder_version=&#8220;4.27.4&#8243; _module_preset=&#8220;_initial&#8220; text_text_color=&#8220;#000000&#8243; header_2_text_align=&#8220;left&#8220; header_2_text_color=&#8220;#000000&#8243; header_3_text_color=&#8220;#000000&#8243; header_4_text_color=&#8220;#000000&#8243; global_colors_info=&#8220;{}&#8220;]<\/p>\n<h3>Familienbesuche<\/h3>\n<p>Damit der Museumsbesuch f\u00fcr die ganze Familie zu einem gemeinsamen Erlebnis wird, gibt es eine Vielzahl an speziellen Angeboten: spielerisches Begleitmaterial und kreative Aktivit\u00e4ten. W\u00e4hlen Sie einfach, worauf Sie Lust haben! <\/p>\n<p>[\/et_pb_text][et_pb_button button_url=&#8220;https:\/\/histoire.musees-valais-dev.ch\/de\/angebote-fuer-junges-publikum\/?filter=true&#038;jeune_public=Visites%20en%20famille&#8220; button_text=&#8220;Alle Besuchsangebote ansehen&#8220; button_alignment=&#8220;left&#8220; _builder_version=&#8220;4.27.4&#8243; _module_preset=&#8220;35d443c6-ddea-4685-814e-11dad16d14df&#8220; button_text_color=&#8220;#000000&#8243; button_bg_color=&#8220;#FF8928&#8243; custom_margin=&#8220;||||false|false&#8220; hover_enabled=&#8220;0&#8243; global_colors_info=&#8220;{}&#8220; button_bg_color__hover_enabled=&#8220;on|hover&#8220; button_text_color__hover=&#8220;#ffffff&#8220; button_bg_color__hover=&#8220;#FF8928&#8243; sticky_enabled=&#8220;0&#8243;][\/et_pb_button][et_pb_text disabled_on=&#8220;on|on|on&#8220; _builder_version=&#8220;4.27.4&#8243; _module_preset=&#8220;_initial&#8220; text_text_color=&#8220;#000000&#8243; header_2_text_align=&#8220;left&#8220; header_2_text_color=&#8220;#000000&#8243; header_3_text_color=&#8220;#000000&#8243; header_4_text_color=&#8220;#000000&#8243; disabled=&#8220;on&#8220; global_colors_info=&#8220;{}&#8220;]<\/p>\n<h3>Mein Geburtstag im Museum<\/h3>\n<p>Magst du R\u00e4tsel? M\u00f6chtest du mit deinen Freunden und Freundinnen ein originelles Abenteuer erleben? Wie w\u00e4r\u2019s, wenn du deinen Geburtstag in einem der Walliser Kantonsmuseen feiern w\u00fcrdest?<\/p>\n<p>[\/et_pb_text][et_pb_button button_url=&#8220;https:\/\/histoire.musees-valais-dev.ch\/offres-jeune-public\/?filter=true&#038;jeune_public=Anniversaire&#8220; button_text=&#8220;Alle Geburtstagsangebote anzeigen&#8220; button_alignment=&#8220;left&#8220; disabled_on=&#8220;on|on|on&#8220; _builder_version=&#8220;4.27.4&#8243; _module_preset=&#8220;35d443c6-ddea-4685-814e-11dad16d14df&#8220; button_text_color=&#8220;#000000&#8243; button_bg_color=&#8220;#FF8928&#8243; custom_margin=&#8220;||||false|false&#8220; disabled=&#8220;on&#8220; global_colors_info=&#8220;{}&#8220; button_bg_color__hover_enabled=&#8220;on|hover&#8220; button_text_color__hover=&#8220;#ffffff&#8220; button_bg_color__hover=&#8220;#FF8928&#8243;][\/et_pb_button][\/et_pb_column][\/et_pb_row][\/et_pb_section][et_pb_section fb_built=&#8220;1&#8243; module_id=&#8220;ecoles&#8220; _builder_version=&#8220;4.27.4&#8243; _module_preset=&#8220;default&#8220; global_colors_info=&#8220;{}&#8220;][et_pb_row column_structure=&#8220;1_3,2_3&#8243; _builder_version=&#8220;4.24.2&#8243; _module_preset=&#8220;_initial&#8220; global_colors_info=&#8220;{}&#8220;][et_pb_column type=&#8220;1_3&#8243; _builder_version=&#8220;4.24.2&#8243; _module_preset=&#8220;default&#8220; global_colors_info=&#8220;{}&#8220;][et_pb_text _builder_version=&#8220;4.27.4&#8243; _module_preset=&#8220;_initial&#8220; header_2_text_align=&#8220;left&#8220; header_2_text_color=&#8220;#000000&#8243; global_colors_info=&#8220;{}&#8220;]<\/p>\n<h2>Schulen<\/h2>\n<p>[\/et_pb_text][\/et_pb_column][et_pb_column type=&#8220;2_3&#8243; _builder_version=&#8220;4.24.2&#8243; _module_preset=&#8220;default&#8220; global_colors_info=&#8220;{}&#8220;][et_pb_text _builder_version=&#8220;4.27.4&#8243; _module_preset=&#8220;_initial&#8220; header_2_text_align=&#8220;left&#8220; header_2_text_color=&#8220;#FFFFFF&#8220; global_colors_info=&#8220;{}&#8220;]<\/p>\n<h3>Freie Besuche<\/h3>\n<p>Schulklassen k\u00f6nnen die Museen selbst\u00e4ndig besuchen. Der Eintritt f\u00fcr Schulgruppen (\u00f6ffentliche Walliser Schulen der Primar- und Sekundarstufe I und II) in Begleitung ihrer Lehrpersonen ist kostenlos. <br \/><strong>Bitte melden Sie Ihren Besuch mindestens 48 Stunden im Voraus an: <a href=\"mailto:sc-museesmediation@admin.vs.ch\">sc-museesmediation@admin.vs.ch<\/a><\/strong><\/p>\n<p>[\/et_pb_text][et_pb_text _builder_version=&#8220;4.27.4&#8243; _module_preset=&#8220;_initial&#8220; header_2_text_align=&#8220;left&#8220; header_2_text_color=&#8220;#000000&#8243; global_colors_info=&#8220;{}&#8220;]<\/p>\n<h3>F\u00fchrungen<\/h3>\n<p>F\u00fcr Schulgruppen gibt es ein spezielles, auf den Lehrplan abgestimmtes Programm, das es erm\u00f6glicht, die Museen spielerisch und interaktiv zu besichtigen. <\/p>\n<p>[\/et_pb_text][et_pb_button button_url=&#8220;https:\/\/histoire.musees-valais-dev.ch\/de\/angebote-schulen\/&#8220; button_text=&#8220;Alle Besuchsangebote ansehen&#8220; disabled_on=&#8220;off|off|off&#8220; _builder_version=&#8220;4.27.4&#8243; _module_preset=&#8220;_initial&#8220; custom_margin=&#8220;||||false|false&#8220; hover_enabled=&#8220;0&#8243; global_colors_info=&#8220;{}&#8220; button_text_color__hover_enabled=&#8220;on|desktop&#8220; sticky_enabled=&#8220;0&#8243;][\/et_pb_button][\/et_pb_column][\/et_pb_row][\/et_pb_section]<\/p>\n","protected":false},"excerpt":{"rendered":"<p>F\u00fchrungen und Aktivit\u00e4tenF\u00fcr alle BesuchendenFreie Besuche Lassen Sie sich auf einem Rundgang ganz nach Ihrem eigenen Rhythmus durch das Museum leiten. Entdecken Sie die R\u00e4ume und Sammlungen mit abwechslungsreichem Begleitmaterial auf eigene Faust.F\u00fchrungen Sie k\u00f6nnen das Kunstmuseum Wallis in Begleitung einer Moderatorin oder eines Moderators besuchen. Denken Sie daran, die F\u00fchrung mindestens zwei Wochen im [&hellip;]<\/p>\n","protected":false},"author":2,"featured_media":0,"parent":0,"menu_order":0,"comment_status":"closed","ping_status":"closed","template":"","meta":{"_acf_changed":false,"_et_pb_use_builder":"on","_et_pb_old_content":"","_et_gb_content_width":"","_crsspst_to_musees-valais-devch":false,"_crsspst_to_artmusees-valais-devch":false,"_crsspst_to_naturemusees-valais-devch":false,"footnotes":""},"class_list":["post-3954","page","type-page","status-publish","hentry"],"acf":[],"_links":{"self":[{"href":"https:\/\/histoire.musees-valais-dev.ch\/de\/wp-json\/wp\/v2\/pages\/3954","targetHints":{"allow":["GET"]}}],"collection":[{"href":"https:\/\/histoire.musees-valais-dev.ch\/de\/wp-json\/wp\/v2\/pages"}],"about":[{"href":"https:\/\/histoire.musees-valais-dev.ch\/de\/wp-json\/wp\/v2\/types\/page"}],"author":[{"embeddable":true,"href":"https:\/\/histoire.musees-valais-dev.ch\/de\/wp-json\/wp\/v2\/users\/2"}],"replies":[{"embeddable":true,"href":"https:\/\/histoire.musees-valais-dev.ch\/de\/wp-json\/wp\/v2\/comments?post=3954"}],"version-history":[{"count":5,"href":"https:\/\/histoire.musees-valais-dev.ch\/de\/wp-json\/wp\/v2\/pages\/3954\/revisions"}],"predecessor-version":[{"id":4291,"href":"https:\/\/histoire.musees-valais-dev.ch\/de\/wp-json\/wp\/v2\/pages\/3954\/revisions\/4291"}],"wp:attachment":[{"href":"https:\/\/histoire.musees-valais-dev.ch\/de\/wp-json\/wp\/v2\/media?parent=3954"}],"curies":[{"name":"wp","href":"https:\/\/api.w.org\/{rel}","templated":true}]}}