{"id":3906,"date":"2025-01-23T14:12:53","date_gmt":"2025-01-23T13:12:53","guid":{"rendered":"https:\/\/histoire.musees-valais-dev.ch\/burganlage-und-basilika-von-valeria\/"},"modified":"2025-03-12T10:32:41","modified_gmt":"2025-03-12T09:32:41","slug":"burganlage-und-basilika-von-valeria","status":"publish","type":"page","link":"https:\/\/histoire.musees-valais-dev.ch\/de\/burganlage-und-basilika-von-valeria\/","title":{"rendered":"Burganlage und Basilika von Valeria"},"content":{"rendered":"<p>[et_pb_section fb_built=&#8220;1&#8243; fullwidth=&#8220;on&#8220; _builder_version=&#8220;4.27.4&#8243; _module_preset=&#8220;default&#8220; global_colors_info=&#8220;{}&#8220;][et_pb_fullwidth_image src=&#8220;https:\/\/histoire.musees-valais-dev.ch\/wp-content\/uploads\/2025\/02\/Bourg-et-basilique.jpg&#8220; alt=&#8220;Burgflecken und Basilika von Valeria \u00a9 Geschichtsmuseum Wallis. Alain Amherd &#8211; Studio Vorben &#8220; src_tablet=&#8220;https:\/\/histoire.musees-valais-dev.ch\/wp-content\/uploads\/2025\/02\/Bourg-et-Basilique-1.jpg&#8220; src_phone=&#8220;https:\/\/histoire.musees-valais-dev.ch\/wp-content\/uploads\/2025\/02\/Bourg-et-Basilique-1.jpg&#8220; src_last_edited=&#8220;on|phone&#8220; _builder_version=&#8220;4.27.4&#8243; _module_preset=&#8220;default&#8220; global_colors_info=&#8220;{}&#8220;][\/et_pb_fullwidth_image][\/et_pb_section][et_pb_section fb_built=&#8220;1&#8243; _builder_version=&#8220;4.27.4&#8243; _module_preset=&#8220;default&#8220; global_colors_info=&#8220;{}&#8220;][et_pb_row _builder_version=&#8220;4.27.4&#8243; _module_preset=&#8220;default&#8220; global_colors_info=&#8220;{}&#8220;][et_pb_column type=&#8220;4_4&#8243; _builder_version=&#8220;4.27.4&#8243; _module_preset=&#8220;default&#8220; global_colors_info=&#8220;{}&#8220;][et_pb_text _builder_version=&#8220;4.27.4&#8243; _module_preset=&#8220;default&#8220; global_colors_info=&#8220;{}&#8220;]<\/p>\n<h1>Burganlage und Basilika von Valeria<\/h1>\n<p>[\/et_pb_text][\/et_pb_column][\/et_pb_row][et_pb_row column_structure=&#8220;2_5,3_5&#8243; _builder_version=&#8220;4.27.4&#8243; _module_preset=&#8220;default&#8220; global_colors_info=&#8220;{}&#8220;][et_pb_column type=&#8220;2_5&#8243; _builder_version=&#8220;4.27.4&#8243; _module_preset=&#8220;default&#8220; global_colors_info=&#8220;{}&#8220;][et_pb_text _builder_version=&#8220;4.27.4&#8243; _module_preset=&#8220;default&#8220; global_colors_info=&#8220;{}&#8220;]<\/p>\n<h2>Vom Mittelalter bis heute<\/h2>\n<p>[\/et_pb_text][\/et_pb_column][et_pb_column type=&#8220;3_5&#8243; _builder_version=&#8220;4.27.4&#8243; _module_preset=&#8220;default&#8220; global_colors_info=&#8220;{}&#8220;][et_pb_text _builder_version=&#8220;4.27.4&#8243; _module_preset=&#8220;9eedf6e7-9884-4b87-ad17-4e89b988071d&#8220; text_font=&#8220;&#8211;et_global_body_font||||||||&#8220; link_font=&#8220;||||||||&#8220; global_colors_info=&#8220;{}&#8220;]<\/p>\n<p><strong>Der H\u00fcgel Valeria \u2013 wie der gegen\u00fcberliegende H\u00fcgel Tourbillon \u2013 ist ein Wahrzeichen der Stadt Sitten. Der Ort besteht aus der Basilika und dem ehemaligen befestigten Burgflecken Valeria, wo heute das Geschichtsmuseum Wallis beheimatet ist. <\/strong><\/p>\n<p>Seit dem Mittelalter war Valeria der Wohnort des Domkapitels. Der Ort war rund um die Basilika entstanden, deren Bau Mitte des 12. Jahrhunderts begonnen hatte. Die \u00e4ltesten Wohnh\u00e4user der Domherren gehen auf den \u00dcbergang vom 12. zum 13. Jahrhundert zur\u00fcck (um 1200). Eine mit Eckt\u00fcrmen versehene Festungsmauer wurde um 1300 zum Schutz des Fleckens errichtet.   <\/p>\n<p>Mit der Zeit ist der Burgflecken gewachsen, hat sich ver\u00e4ndert. Wohnh\u00e4user wurden neu eingerichtet und Gemeinschaftsr\u00e4ume gebaut. Gewisse H\u00e4user wurden gruppiert, sodass ein wahres Labyrinth entstanden ist, durch das heute der Rundgang des Geschichtsmuseum Wallis f\u00fchrt: Mit Holz verkleidete R\u00e4ume, Gem\u00e4ldedekorationen, \u00d6fen, K\u00fcchen und Latrinen sind bis heute erhalten.   <\/p>\n<p>Die Basilika von Valeria ist das Schmuckst\u00fcck des Orts. Sie geniesst internationales Ansehen f\u00fcr ihr Kulturerbe. Das im Jahr 1987 in den Rang einer Basilica minor erhobene Bauwerk verbindet wunderbar den romanischen Teil aus dem 12. Jahrhundert mit den sp\u00e4teren Ausbauten: Erh\u00f6hung im 13. Jahrhundert, Gem\u00e4ldedekoration im 15. Jahrhundert, Chorgest\u00fchl (Sitze f\u00fcr die Chorherren im Chor) und barocke Altare im 17. Jahrhundert. Die liturgischen Anpassungen, die Anfang des 21. Jahrhunderts gemacht wurden, erinnern daran, dass die Basilika auch heute noch ein lebendiger Ort des Gebets ist.  <\/p>\n<p>Trotz einer bescheidenen Architektur weist die Kirche Merkmale auf, die andernorts nur selten erhalten sind. So kann man hier insbesondere die weltweit \u00e4lteste spielbare Orgel bestaunen \u2013 sie wurde um 1435 erbaut \u2013 sowie einen der letzten Lettner, aus dem 13. Jahrhundert; so nennt man die Trennmauer zwischen Chor und Kirchenschiff. Einzigartige mobile Kulturg\u00fcter, die auf das 13. Jahrhundert zur\u00fcckgehen, kann man in den R\u00e4umen des Geschichtsmuseums Wallis entdecken.  <\/p>\n<p>Der Kirchenschatz der Basilika wird im fr\u00fcheren Archivraum konserviert, der auf der Westseite der Kirche anliegt. Dieses aussergew\u00f6hnliche Kulturerbe bezeugt die seit nahezu 1 000 Jahren ununterbrochene Pr\u00e4senz des Domkapitels von Sitten an diesem Ort. Die ausgestellten Objekte zeigen die Vielfalt und den Reichtum der Techniken und Materialien (Gem\u00e4lde, Skulpturen, Goldschmiedekunst, Textilien, Glasmalerei). Zu den bemerkenswertesten Objekten geh\u00f6ren kleine Taschenreliquiare des ausgehenden Mittelalters, ein \u00fcppiges Barockgem\u00e4lde des heiligen Johannes Nepomuk, ein Fragment einer Dalmatika aus dem Nahen Osten aus dem 11. Jahrhundert sowie ein Kelch, ein Geschenk von Papst Johannes-Paul II. von Ende des 20. Jahrhunderts. Um die Konservierung der Objekte zu gew\u00e4hrleisten, ist der Kirchenschatz nicht st\u00e4ndig ausgestellt. Man kann ihn nur im Rahmen der F\u00fchrungen sehen.    <\/p>\n<p>[\/et_pb_text][et_pb_button button_url=&#8220;https:\/\/histoire.musees-valais-dev.ch\/de\/unsere-fuehrungen\/&#8220; url_new_window=&#8220;on&#8220; button_text=&#8220;Unsere Besuchsangebote anzeigen&#8220; _builder_version=&#8220;4.27.4&#8243; _module_preset=&#8220;default&#8220; button_border_color=&#8220;RGBA(255,255,255,0)&#8220; hover_enabled=&#8220;0&#8243; global_colors_info=&#8220;{}&#8220; sticky_enabled=&#8220;0&#8243;][\/et_pb_button][\/et_pb_column][\/et_pb_row][\/et_pb_section][et_pb_section fb_built=&#8220;1&#8243; _builder_version=&#8220;4.27.4&#8243; _module_preset=&#8220;default&#8220; background_color=&#8220;#EDEDED&#8220; global_colors_info=&#8220;{}&#8220;][et_pb_row column_structure=&#8220;2_5,3_5&#8243; _builder_version=&#8220;4.27.4&#8243; _module_preset=&#8220;default&#8220; global_colors_info=&#8220;{}&#8220;][et_pb_column type=&#8220;2_5&#8243; _builder_version=&#8220;4.27.4&#8243; _module_preset=&#8220;default&#8220; global_colors_info=&#8220;{}&#8220;][et_pb_text _builder_version=&#8220;4.27.4&#8243; _module_preset=&#8220;default&#8220; global_colors_info=&#8220;{}&#8220;]<\/p>\n<h3>\u00d6ffnungszeiten und praktische Informationen<\/h3>\n<p>[\/et_pb_text][\/et_pb_column][et_pb_column type=&#8220;3_5&#8243; _builder_version=&#8220;4.27.4&#8243; _module_preset=&#8220;default&#8220; global_colors_info=&#8220;{}&#8220;][et_pb_button button_url=&#8220;https:\/\/histoire.musees-valais-dev.ch\/de\/praktische-informationen\/#noshoraires&#8220; url_new_window=&#8220;on&#8220; button_text=&#8220;Mehr erfahren &#8220; _builder_version=&#8220;4.27.4&#8243; _module_preset=&#8220;default&#8220; button_text_color=&#8220;#FFFFFF&#8220; button_bg_color=&#8220;#7B8DA0&#8243; hover_enabled=&#8220;0&#8243; global_colors_info=&#8220;{}&#8220; sticky_enabled=&#8220;0&#8243;][\/et_pb_button][et_pb_text _builder_version=&#8220;4.27.4&#8243; _module_preset=&#8220;9eedf6e7-9884-4b87-ad17-4e89b988071d&#8220; text_font=&#8220;&#8211;et_global_body_font||||||||&#8220; link_font=&#8220;||||||||&#8220; global_colors_info=&#8220;{}&#8220;][\/et_pb_text][\/et_pb_column][\/et_pb_row][\/et_pb_section]<\/p>\n","protected":false},"excerpt":{"rendered":"<p>Burganlage und Basilika von ValeriaVom Mittelalter bis heuteDer H\u00fcgel Valeria \u2013 wie der gegen\u00fcberliegende H\u00fcgel Tourbillon \u2013 ist ein Wahrzeichen der Stadt Sitten. Der Ort besteht aus der Basilika und dem ehemaligen befestigten Burgflecken Valeria, wo heute das Geschichtsmuseum Wallis beheimatet ist. Seit dem Mittelalter war Valeria der Wohnort des Domkapitels. Der Ort war rund [&hellip;]<\/p>\n","protected":false},"author":2,"featured_media":0,"parent":0,"menu_order":0,"comment_status":"closed","ping_status":"closed","template":"","meta":{"_acf_changed":false,"_et_pb_use_builder":"on","_et_pb_old_content":"","_et_gb_content_width":"","_crsspst_to_musees-valais-devch":false,"_crsspst_to_artmusees-valais-devch":false,"_crsspst_to_naturemusees-valais-devch":false,"footnotes":""},"class_list":["post-3906","page","type-page","status-publish","hentry"],"acf":[],"_links":{"self":[{"href":"https:\/\/histoire.musees-valais-dev.ch\/de\/wp-json\/wp\/v2\/pages\/3906","targetHints":{"allow":["GET"]}}],"collection":[{"href":"https:\/\/histoire.musees-valais-dev.ch\/de\/wp-json\/wp\/v2\/pages"}],"about":[{"href":"https:\/\/histoire.musees-valais-dev.ch\/de\/wp-json\/wp\/v2\/types\/page"}],"author":[{"embeddable":true,"href":"https:\/\/histoire.musees-valais-dev.ch\/de\/wp-json\/wp\/v2\/users\/2"}],"replies":[{"embeddable":true,"href":"https:\/\/histoire.musees-valais-dev.ch\/de\/wp-json\/wp\/v2\/comments?post=3906"}],"version-history":[{"count":5,"href":"https:\/\/histoire.musees-valais-dev.ch\/de\/wp-json\/wp\/v2\/pages\/3906\/revisions"}],"predecessor-version":[{"id":4230,"href":"https:\/\/histoire.musees-valais-dev.ch\/de\/wp-json\/wp\/v2\/pages\/3906\/revisions\/4230"}],"wp:attachment":[{"href":"https:\/\/histoire.musees-valais-dev.ch\/de\/wp-json\/wp\/v2\/media?parent=3906"}],"curies":[{"name":"wp","href":"https:\/\/api.w.org\/{rel}","templated":true}]}}